{"id":10454,"date":"2023-10-21T08:39:47","date_gmt":"2023-10-21T08:39:47","guid":{"rendered":"https:\/\/www.sintel.com\/?page_id=10454"},"modified":"2025-12-19T13:34:41","modified_gmt":"2025-12-19T13:34:41","slug":"maxion","status":"publish","type":"page","link":"https:\/\/www.sintel.com\/pt\/case-studies\/maxion\/","title":{"rendered":"Case Maxion"},"content":{"rendered":"<div data-elementor-type=\"wp-page\" data-elementor-id=\"10454\" class=\"elementor elementor-10454\">\n\t\t\t\t\t\t<section class=\"elementor-section elementor-top-section elementor-element elementor-element-3980ab2 elementor-hidden-mobile elementor-section-boxed elementor-section-height-default elementor-section-height-default\" data-id=\"3980ab2\" data-element_type=\"section\" data-e-type=\"section\">\n\t\t\t\t\t\t<div class=\"elementor-container elementor-column-gap-default\">\n\t\t\t\t\t<div class=\"elementor-column elementor-col-100 elementor-top-column elementor-element elementor-element-b449098\" data-id=\"b449098\" data-element_type=\"column\" data-e-type=\"column\">\n\t\t\t<div class=\"elementor-widget-wrap elementor-element-populated\">\n\t\t\t\t\t\t<div class=\"elementor-element elementor-element-97cb160 elementor-widget elementor-widget-text-editor\" data-id=\"97cb160\" data-element_type=\"widget\" data-e-type=\"widget\" data-widget_type=\"text-editor.default\">\n\t\t\t\t\t\t\t\t\t<p>Home \/ Estudo de caso \/ Maxion<\/p>\t\t\t\t\t\t\t\t<\/div>\n\t\t\t\t\t<\/div>\n\t\t<\/div>\n\t\t\t\t\t<\/div>\n\t\t<\/section>\n\t\t\t\t<section class=\"elementor-section elementor-top-section elementor-element elementor-element-e546780 elementor-hidden-mobile elementor-section-boxed elementor-section-height-default elementor-section-height-default\" data-id=\"e546780\" data-element_type=\"section\" data-e-type=\"section\">\n\t\t\t\t\t\t<div class=\"elementor-container elementor-column-gap-default\">\n\t\t\t\t\t<div class=\"elementor-column elementor-col-100 elementor-top-column elementor-element elementor-element-2e1984c\" data-id=\"2e1984c\" data-element_type=\"column\" data-e-type=\"column\">\n\t\t\t<div class=\"elementor-widget-wrap elementor-element-populated\">\n\t\t\t\t\t\t<section class=\"elementor-section elementor-inner-section elementor-element elementor-element-21aba1d elementor-section-boxed elementor-section-height-default elementor-section-height-default\" data-id=\"21aba1d\" data-element_type=\"section\" data-e-type=\"section\">\n\t\t\t\t\t\t<div class=\"elementor-container elementor-column-gap-default\">\n\t\t\t\t\t<div class=\"elementor-column elementor-col-50 elementor-inner-column elementor-element elementor-element-ddf3203\" data-id=\"ddf3203\" data-element_type=\"column\" data-e-type=\"column\">\n\t\t\t<div class=\"elementor-widget-wrap elementor-element-populated\">\n\t\t\t\t\t\t<div class=\"elementor-element elementor-element-00d6557 elementor-widget__width-initial elementor-widget elementor-widget-heading\" data-id=\"00d6557\" data-element_type=\"widget\" data-e-type=\"widget\" data-widget_type=\"heading.default\">\n\t\t\t\t\t<h1 class=\"elementor-heading-title elementor-size-default\">Saiba como a Sintel ajudou a Maxion a padronizar seus processos automotivos<\/h1>\t\t\t\t<\/div>\n\t\t\t\t\t<\/div>\n\t\t<\/div>\n\t\t\t\t<div class=\"elementor-column elementor-col-50 elementor-inner-column elementor-element elementor-element-f5f5a87\" data-id=\"f5f5a87\" data-element_type=\"column\" data-e-type=\"column\">\n\t\t\t<div class=\"elementor-widget-wrap elementor-element-populated\">\n\t\t\t\t\t\t<div class=\"elementor-element elementor-element-65ee590 elementor-widget elementor-widget-text-editor\" data-id=\"65ee590\" data-element_type=\"widget\" data-e-type=\"widget\" data-widget_type=\"text-editor.default\">\n\t\t\t\t\t\t\t\t\t<p>Presente em 14 pa\u00edses, a Maxion \u00e9 l\u00edder mundial na produ\u00e7\u00e3o de rodas e um dos principais produtores de componentes automotivos, mantendo uma parceria de longa data com a Sintel.<\/p>\t\t\t\t\t\t\t\t<\/div>\n\t\t\t\t\t<\/div>\n\t\t<\/div>\n\t\t\t\t\t<\/div>\n\t\t<\/section>\n\t\t\t\t<div class=\"elementor-element elementor-element-a4d4466 elementor-widget elementor-widget-video\" data-id=\"a4d4466\" data-element_type=\"widget\" data-e-type=\"widget\" data-settings=\"{&quot;youtube_url&quot;:&quot;https:\\\/\\\/www.youtube.com\\\/watch?v=gMqUO-FmVwc&amp;feature=youtu.be&quot;,&quot;video_type&quot;:&quot;youtube&quot;,&quot;controls&quot;:&quot;yes&quot;}\" data-widget_type=\"video.default\">\n\t\t\t\t\t\t\t<div class=\"elementor-wrapper elementor-open-inline\">\n\t\t\t<div class=\"elementor-video\"><\/div>\t\t<\/div>\n\t\t\t\t\t\t<\/div>\n\t\t\t\t\t<\/div>\n\t\t<\/div>\n\t\t\t\t\t<\/div>\n\t\t<\/section>\n\t\t\t\t<\/div>","protected":false},"excerpt":{"rendered":"<p>Home \/ Case Studies \/Maxion Maxion: The routes that led Maxion to standardize its processes, enhancing analytical capabilities and decision-making power. Present in 14 countries, Maxion is a global leader in wheel production and one of the key automotive components manufacturers, maintaining a long-standing partnership with Sintel . https:\/\/www.youtube.com\/watch?v=gMqUO-FmVwc&#038;feature=youtu.be<\/p>","protected":false},"author":7,"featured_media":0,"parent":1157,"menu_order":0,"comment_status":"closed","ping_status":"closed","template":"","meta":{"footnotes":""},"class_list":["post-10454","page","type-page","status-publish","hentry"],"yoast_head":"<!-- This site is optimized with the Yoast SEO plugin v27.5 - https:\/\/yoast.com\/product\/yoast-seo-wordpress\/ -->\n<title>Maxion | Sintel&#039;s EDI\/SAP Solution Success Story<\/title>\n<meta name=\"description\" content=\"EDI\/SAP Solution Maxion Success Story: The routes that led Maxion to standardize its processes, enhancing analytical capabilities and decision-making power. Sintel&#039;s EDI\/SAP Solution.\" \/>\n<meta name=\"robots\" content=\"index, follow, max-snippet:-1, max-image-preview:large, max-video-preview:-1\" \/>\n<link rel=\"canonical\" href=\"https:\/\/www.sintel.com\/pt\/case-studies\/maxion\/\" \/>\n<meta property=\"og:locale\" content=\"pt_BR\" \/>\n<meta property=\"og:type\" content=\"article\" \/>\n<meta property=\"og:title\" content=\"Maxion | Sintel&#039;s EDI\/SAP Solution Success Story\" \/>\n<meta property=\"og:description\" content=\"EDI\/SAP Solution Maxion Success Story: The routes that led Maxion to standardize its processes, enhancing analytical capabilities and decision-making power. Sintel&#039;s EDI\/SAP Solution.\" \/>\n<meta property=\"og:url\" content=\"https:\/\/www.sintel.com\/pt\/case-studies\/maxion\/\" \/>\n<meta property=\"og:site_name\" content=\"Connect | Scale | Evolve\" \/>\n<meta property=\"article:modified_time\" content=\"2025-12-19T13:34:41+00:00\" \/>\n<meta name=\"twitter:card\" content=\"summary_large_image\" \/>\n<meta name=\"twitter:label1\" content=\"Est. tempo de leitura\" \/>\n\t<meta name=\"twitter:data1\" content=\"1 minuto\" \/>\n<script type=\"application\/ld+json\" class=\"yoast-schema-graph\">{\"@context\":\"https:\\\/\\\/schema.org\",\"@graph\":[{\"@type\":\"WebPage\",\"@id\":\"https:\\\/\\\/www.sintel.com\\\/case-studies\\\/maxion\\\/\",\"url\":\"https:\\\/\\\/www.sintel.com\\\/case-studies\\\/maxion\\\/\",\"name\":\"Maxion | Sintel's EDI\\\/SAP Solution Success Story\",\"isPartOf\":{\"@id\":\"https:\\\/\\\/www.sintel.com\\\/#website\"},\"datePublished\":\"2023-10-21T08:39:47+00:00\",\"dateModified\":\"2025-12-19T13:34:41+00:00\",\"description\":\"EDI\\\/SAP Solution Maxion Success Story: The routes that led Maxion to standardize its processes, enhancing analytical capabilities and decision-making power. Sintel's EDI\\\/SAP Solution.\",\"breadcrumb\":{\"@id\":\"https:\\\/\\\/www.sintel.com\\\/case-studies\\\/maxion\\\/#breadcrumb\"},\"inLanguage\":\"pt-BR\",\"potentialAction\":[{\"@type\":\"ReadAction\",\"target\":[\"https:\\\/\\\/www.sintel.com\\\/case-studies\\\/maxion\\\/\"]}]},{\"@type\":\"BreadcrumbList\",\"@id\":\"https:\\\/\\\/www.sintel.com\\\/case-studies\\\/maxion\\\/#breadcrumb\",\"itemListElement\":[{\"@type\":\"ListItem\",\"position\":1,\"name\":\"Home\",\"item\":\"https:\\\/\\\/www.sintel.com\\\/\"},{\"@type\":\"ListItem\",\"position\":2,\"name\":\"Case Studies\",\"item\":\"https:\\\/\\\/www.sintel.com\\\/case-studies\\\/\"},{\"@type\":\"ListItem\",\"position\":3,\"name\":\"Case Maxion\"}]},{\"@type\":\"WebSite\",\"@id\":\"https:\\\/\\\/www.sintel.com\\\/#website\",\"url\":\"https:\\\/\\\/www.sintel.com\\\/\",\"name\":\"Connect | Scale | Evolve\",\"description\":\"Automotive EDI integration\",\"publisher\":{\"@id\":\"https:\\\/\\\/www.sintel.com\\\/#organization\"},\"alternateName\":\"Sintel. Connect. Scale. Evolve.\",\"potentialAction\":[{\"@type\":\"SearchAction\",\"target\":{\"@type\":\"EntryPoint\",\"urlTemplate\":\"https:\\\/\\\/www.sintel.com\\\/?s={search_term_string}\"},\"query-input\":{\"@type\":\"PropertyValueSpecification\",\"valueRequired\":true,\"valueName\":\"search_term_string\"}}],\"inLanguage\":\"pt-BR\"},{\"@type\":\"Organization\",\"@id\":\"https:\\\/\\\/www.sintel.com\\\/#organization\",\"name\":\"Connect | Scale | Evolve\",\"alternateName\":\"Sintel. Connect. Scale. Evolve.\",\"url\":\"https:\\\/\\\/www.sintel.com\\\/\",\"logo\":{\"@type\":\"ImageObject\",\"inLanguage\":\"pt-BR\",\"@id\":\"https:\\\/\\\/www.sintel.com\\\/#\\\/schema\\\/logo\\\/image\\\/\",\"url\":\"https:\\\/\\\/www.sintel.com\\\/wp-content\\\/uploads\\\/2023\\\/06\\\/Sintel-Logo.svg\",\"contentUrl\":\"https:\\\/\\\/www.sintel.com\\\/wp-content\\\/uploads\\\/2023\\\/06\\\/Sintel-Logo.svg\",\"width\":94,\"height\":32,\"caption\":\"Connect | Scale | Evolve\"},\"image\":{\"@id\":\"https:\\\/\\\/www.sintel.com\\\/#\\\/schema\\\/logo\\\/image\\\/\"}}]}<\/script>\n<!-- \/ Yoast SEO plugin. -->","yoast_head_json":{"title":"Maxion | Sintel's EDI\/SAP Solution Success Story","description":"EDI\/SAP Solution Maxion Success Story: The routes that led Maxion to standardize its processes, enhancing analytical capabilities and decision-making power. Sintel's EDI\/SAP Solution.","robots":{"index":"index","follow":"follow","max-snippet":"max-snippet:-1","max-image-preview":"max-image-preview:large","max-video-preview":"max-video-preview:-1"},"canonical":"https:\/\/www.sintel.com\/pt\/case-studies\/maxion\/","og_locale":"pt_BR","og_type":"article","og_title":"Maxion | Sintel's EDI\/SAP Solution Success Story","og_description":"EDI\/SAP Solution Maxion Success Story: The routes that led Maxion to standardize its processes, enhancing analytical capabilities and decision-making power. Sintel's EDI\/SAP Solution.","og_url":"https:\/\/www.sintel.com\/pt\/case-studies\/maxion\/","og_site_name":"Connect | Scale | Evolve","article_modified_time":"2025-12-19T13:34:41+00:00","twitter_card":"summary_large_image","twitter_misc":{"Est. tempo de leitura":"1 minuto"},"schema":{"@context":"https:\/\/schema.org","@graph":[{"@type":"WebPage","@id":"https:\/\/www.sintel.com\/case-studies\/maxion\/","url":"https:\/\/www.sintel.com\/case-studies\/maxion\/","name":"Maxion | Sintel's EDI\/SAP Solution Success Story","isPartOf":{"@id":"https:\/\/www.sintel.com\/#website"},"datePublished":"2023-10-21T08:39:47+00:00","dateModified":"2025-12-19T13:34:41+00:00","description":"EDI\/SAP Solution Maxion Success Story: The routes that led Maxion to standardize its processes, enhancing analytical capabilities and decision-making power. Sintel's EDI\/SAP Solution.","breadcrumb":{"@id":"https:\/\/www.sintel.com\/case-studies\/maxion\/#breadcrumb"},"inLanguage":"pt-BR","potentialAction":[{"@type":"ReadAction","target":["https:\/\/www.sintel.com\/case-studies\/maxion\/"]}]},{"@type":"BreadcrumbList","@id":"https:\/\/www.sintel.com\/case-studies\/maxion\/#breadcrumb","itemListElement":[{"@type":"ListItem","position":1,"name":"Home","item":"https:\/\/www.sintel.com\/"},{"@type":"ListItem","position":2,"name":"Case Studies","item":"https:\/\/www.sintel.com\/case-studies\/"},{"@type":"ListItem","position":3,"name":"Case Maxion"}]},{"@type":"WebSite","@id":"https:\/\/www.sintel.com\/#website","url":"https:\/\/www.sintel.com\/","name":"Connect | Scale | Evolve","description":"Automotive EDI integration","publisher":{"@id":"https:\/\/www.sintel.com\/#organization"},"alternateName":"Sintel. Connect. Scale. Evolve.","potentialAction":[{"@type":"SearchAction","target":{"@type":"EntryPoint","urlTemplate":"https:\/\/www.sintel.com\/?s={search_term_string}"},"query-input":{"@type":"PropertyValueSpecification","valueRequired":true,"valueName":"search_term_string"}}],"inLanguage":"pt-BR"},{"@type":"Organization","@id":"https:\/\/www.sintel.com\/#organization","name":"Connect | Scale | Evolve","alternateName":"Sintel. Connect. Scale. Evolve.","url":"https:\/\/www.sintel.com\/","logo":{"@type":"ImageObject","inLanguage":"pt-BR","@id":"https:\/\/www.sintel.com\/#\/schema\/logo\/image\/","url":"https:\/\/www.sintel.com\/wp-content\/uploads\/2023\/06\/Sintel-Logo.svg","contentUrl":"https:\/\/www.sintel.com\/wp-content\/uploads\/2023\/06\/Sintel-Logo.svg","width":94,"height":32,"caption":"Connect | Scale | Evolve"},"image":{"@id":"https:\/\/www.sintel.com\/#\/schema\/logo\/image\/"}}]}},"_links":{"self":[{"href":"https:\/\/www.sintel.com\/pt\/wp-json\/wp\/v2\/pages\/10454","targetHints":{"allow":["GET"]}}],"collection":[{"href":"https:\/\/www.sintel.com\/pt\/wp-json\/wp\/v2\/pages"}],"about":[{"href":"https:\/\/www.sintel.com\/pt\/wp-json\/wp\/v2\/types\/page"}],"author":[{"embeddable":true,"href":"https:\/\/www.sintel.com\/pt\/wp-json\/wp\/v2\/users\/7"}],"replies":[{"embeddable":true,"href":"https:\/\/www.sintel.com\/pt\/wp-json\/wp\/v2\/comments?post=10454"}],"version-history":[{"count":0,"href":"https:\/\/www.sintel.com\/pt\/wp-json\/wp\/v2\/pages\/10454\/revisions"}],"up":[{"embeddable":true,"href":"https:\/\/www.sintel.com\/pt\/wp-json\/wp\/v2\/pages\/1157"}],"wp:attachment":[{"href":"https:\/\/www.sintel.com\/pt\/wp-json\/wp\/v2\/media?parent=10454"}],"curies":[{"name":"wp","href":"https:\/\/api.w.org\/{rel}","templated":true}]}}