{"id":9190,"date":"2023-10-20T04:47:57","date_gmt":"2023-10-20T04:47:57","guid":{"rendered":"https:\/\/www.sintel.com\/?page_id=9190"},"modified":"2025-12-19T18:52:02","modified_gmt":"2025-12-19T18:52:02","slug":"agco","status":"publish","type":"page","link":"https:\/\/www.sintel.com\/pt\/case-studies\/agco\/","title":{"rendered":"Case AGCO"},"content":{"rendered":"<div data-elementor-type=\"wp-page\" data-elementor-id=\"9190\" class=\"elementor elementor-9190\">\n\t\t\t\t\t\t<section class=\"elementor-section elementor-top-section elementor-element elementor-element-2300b5e elementor-hidden-mobile elementor-section-boxed elementor-section-height-default elementor-section-height-default\" data-id=\"2300b5e\" data-element_type=\"section\" data-e-type=\"section\">\n\t\t\t\t\t\t<div class=\"elementor-container elementor-column-gap-default\">\n\t\t\t\t\t<div class=\"elementor-column elementor-col-100 elementor-top-column elementor-element elementor-element-062b203\" data-id=\"062b203\" data-element_type=\"column\" data-e-type=\"column\">\n\t\t\t<div class=\"elementor-widget-wrap elementor-element-populated\">\n\t\t\t\t\t\t<div class=\"elementor-element elementor-element-3584b02 elementor-widget elementor-widget-text-editor\" data-id=\"3584b02\" data-element_type=\"widget\" data-e-type=\"widget\" data-widget_type=\"text-editor.default\">\n\t\t\t\t\t\t\t\t\t<p>Home \/ Estudo de Caso \/ AGCO<\/p>\t\t\t\t\t\t\t\t<\/div>\n\t\t\t\t\t<\/div>\n\t\t<\/div>\n\t\t\t\t\t<\/div>\n\t\t<\/section>\n\t\t\t\t<section class=\"elementor-section elementor-top-section elementor-element elementor-element-e546780 elementor-hidden-mobile elementor-section-boxed elementor-section-height-default elementor-section-height-default\" data-id=\"e546780\" data-element_type=\"section\" data-e-type=\"section\">\n\t\t\t\t\t\t<div class=\"elementor-container elementor-column-gap-default\">\n\t\t\t\t\t<div class=\"elementor-column elementor-col-100 elementor-top-column elementor-element elementor-element-2e1984c\" data-id=\"2e1984c\" data-element_type=\"column\" data-e-type=\"column\">\n\t\t\t<div class=\"elementor-widget-wrap elementor-element-populated\">\n\t\t\t\t\t\t<section class=\"elementor-section elementor-inner-section elementor-element elementor-element-21aba1d elementor-section-boxed elementor-section-height-default elementor-section-height-default\" data-id=\"21aba1d\" data-element_type=\"section\" data-e-type=\"section\">\n\t\t\t\t\t\t<div class=\"elementor-container elementor-column-gap-default\">\n\t\t\t\t\t<div class=\"elementor-column elementor-col-50 elementor-inner-column elementor-element elementor-element-ddf3203\" data-id=\"ddf3203\" data-element_type=\"column\" data-e-type=\"column\">\n\t\t\t<div class=\"elementor-widget-wrap elementor-element-populated\">\n\t\t\t\t\t\t<div class=\"elementor-element elementor-element-bd8719d elementor-widget__width-initial elementor-widget elementor-widget-heading\" data-id=\"bd8719d\" data-element_type=\"widget\" data-e-type=\"widget\" data-widget_type=\"heading.default\">\n\t\t\t\t\t<h1 class=\"elementor-heading-title elementor-size-default\">Saiba como a Sintel ajudou a AGCO a ganhar efici\u00eancia na gest\u00e3o de seus fornecedores<\/h1>\t\t\t\t<\/div>\n\t\t\t\t\t<\/div>\n\t\t<\/div>\n\t\t\t\t<div class=\"elementor-column elementor-col-50 elementor-inner-column elementor-element elementor-element-f5f5a87\" data-id=\"f5f5a87\" data-element_type=\"column\" data-e-type=\"column\">\n\t\t\t<div class=\"elementor-widget-wrap elementor-element-populated\">\n\t\t\t\t\t\t<div class=\"elementor-element elementor-element-65ee590 elementor-widget elementor-widget-text-editor\" data-id=\"65ee590\" data-element_type=\"widget\" data-e-type=\"widget\" data-widget_type=\"text-editor.default\">\n\t\t\t\t\t\t\t\t\t<p>Uma das l\u00edderes mundiais na fabrica\u00e7\u00e3o de equipamentos agr\u00edcolas, a AGCO aprimorou o controle de recebimento de materiais de mais de 200 fornecedores e reduziu tarefas manuais com a solu\u00e7\u00e3o da Sintel.<\/p>\t\t\t\t\t\t\t\t<\/div>\n\t\t\t\t\t<\/div>\n\t\t<\/div>\n\t\t\t\t\t<\/div>\n\t\t<\/section>\n\t\t\t\t<div class=\"elementor-element elementor-element-a4d4466 elementor-widget elementor-widget-video\" data-id=\"a4d4466\" data-element_type=\"widget\" data-e-type=\"widget\" data-settings=\"{&quot;youtube_url&quot;:&quot;https:\\\/\\\/www.youtube.com\\\/watch?v=ZqYpqauliOc&quot;,&quot;video_type&quot;:&quot;youtube&quot;,&quot;controls&quot;:&quot;yes&quot;}\" data-widget_type=\"video.default\">\n\t\t\t\t\t\t\t<div class=\"elementor-wrapper elementor-open-inline\">\n\t\t\t<div class=\"elementor-video\"><\/div>\t\t<\/div>\n\t\t\t\t\t\t<\/div>\n\t\t\t\t\t<\/div>\n\t\t<\/div>\n\t\t\t\t\t<\/div>\n\t\t<\/section>\n\t\t\t\t<\/div>","protected":false},"excerpt":{"rendered":"<p>Home \/ Case Studies \/ AGCO AGCO: How AGCO implemented more efficient management of its extensive supplier chain with Sintel. One of the global leaders in the manufacturing of agricultural equipment, AGCO improved the control of material shipped by over 200 suppliers and reduced manual tasks with Sintel&#8217;s solution. https:\/\/www.youtube.com\/watch?v=ZqYpqauliOc<\/p>","protected":false},"author":4,"featured_media":0,"parent":1157,"menu_order":0,"comment_status":"closed","ping_status":"closed","template":"","meta":{"footnotes":""},"class_list":["post-9190","page","type-page","status-publish","hentry"],"yoast_head":"<!-- This site is optimized with the Yoast SEO plugin v27.5 - https:\/\/yoast.com\/product\/yoast-seo-wordpress\/ -->\n<title>AGCO | Sintel&#039;s EDI Solution Success Story<\/title>\n<meta name=\"description\" content=\"See how Sintel&#039;s EDI solution benefited AGCO by improving shipping processes and managing suppliers effectively.\" \/>\n<meta name=\"robots\" content=\"index, follow, max-snippet:-1, max-image-preview:large, max-video-preview:-1\" \/>\n<link rel=\"canonical\" href=\"https:\/\/www.sintel.com\/pt\/case-studies\/agco\/\" \/>\n<meta property=\"og:locale\" content=\"pt_BR\" \/>\n<meta property=\"og:type\" content=\"article\" \/>\n<meta property=\"og:title\" content=\"AGCO | Sintel&#039;s EDI Solution Success Story\" \/>\n<meta property=\"og:description\" content=\"See how Sintel&#039;s EDI solution benefited AGCO by improving shipping processes and managing suppliers effectively.\" \/>\n<meta property=\"og:url\" content=\"https:\/\/www.sintel.com\/pt\/case-studies\/agco\/\" \/>\n<meta property=\"og:site_name\" content=\"Connect | Scale | Evolve\" \/>\n<meta property=\"article:modified_time\" content=\"2025-12-19T18:52:02+00:00\" \/>\n<meta name=\"twitter:card\" content=\"summary_large_image\" \/>\n<meta name=\"twitter:label1\" content=\"Est. tempo de leitura\" \/>\n\t<meta name=\"twitter:data1\" content=\"1 minuto\" \/>\n<script type=\"application\/ld+json\" class=\"yoast-schema-graph\">{\"@context\":\"https:\\\/\\\/schema.org\",\"@graph\":[{\"@type\":\"WebPage\",\"@id\":\"https:\\\/\\\/www.sintel.com\\\/case-studies\\\/agco\\\/\",\"url\":\"https:\\\/\\\/www.sintel.com\\\/case-studies\\\/agco\\\/\",\"name\":\"AGCO | Sintel's EDI Solution Success Story\",\"isPartOf\":{\"@id\":\"https:\\\/\\\/www.sintel.com\\\/#website\"},\"datePublished\":\"2023-10-20T04:47:57+00:00\",\"dateModified\":\"2025-12-19T18:52:02+00:00\",\"description\":\"See how Sintel's EDI solution benefited AGCO by improving shipping processes and managing suppliers effectively.\",\"breadcrumb\":{\"@id\":\"https:\\\/\\\/www.sintel.com\\\/case-studies\\\/agco\\\/#breadcrumb\"},\"inLanguage\":\"pt-BR\",\"potentialAction\":[{\"@type\":\"ReadAction\",\"target\":[\"https:\\\/\\\/www.sintel.com\\\/case-studies\\\/agco\\\/\"]}]},{\"@type\":\"BreadcrumbList\",\"@id\":\"https:\\\/\\\/www.sintel.com\\\/case-studies\\\/agco\\\/#breadcrumb\",\"itemListElement\":[{\"@type\":\"ListItem\",\"position\":1,\"name\":\"Home\",\"item\":\"https:\\\/\\\/www.sintel.com\\\/\"},{\"@type\":\"ListItem\",\"position\":2,\"name\":\"Case Studies\",\"item\":\"https:\\\/\\\/www.sintel.com\\\/case-studies\\\/\"},{\"@type\":\"ListItem\",\"position\":3,\"name\":\"Case AGCO\"}]},{\"@type\":\"WebSite\",\"@id\":\"https:\\\/\\\/www.sintel.com\\\/#website\",\"url\":\"https:\\\/\\\/www.sintel.com\\\/\",\"name\":\"Connect | Scale | Evolve\",\"description\":\"Automotive EDI integration\",\"publisher\":{\"@id\":\"https:\\\/\\\/www.sintel.com\\\/#organization\"},\"alternateName\":\"Sintel. Connect. Scale. Evolve.\",\"potentialAction\":[{\"@type\":\"SearchAction\",\"target\":{\"@type\":\"EntryPoint\",\"urlTemplate\":\"https:\\\/\\\/www.sintel.com\\\/?s={search_term_string}\"},\"query-input\":{\"@type\":\"PropertyValueSpecification\",\"valueRequired\":true,\"valueName\":\"search_term_string\"}}],\"inLanguage\":\"pt-BR\"},{\"@type\":\"Organization\",\"@id\":\"https:\\\/\\\/www.sintel.com\\\/#organization\",\"name\":\"Connect | Scale | Evolve\",\"alternateName\":\"Sintel. Connect. Scale. Evolve.\",\"url\":\"https:\\\/\\\/www.sintel.com\\\/\",\"logo\":{\"@type\":\"ImageObject\",\"inLanguage\":\"pt-BR\",\"@id\":\"https:\\\/\\\/www.sintel.com\\\/#\\\/schema\\\/logo\\\/image\\\/\",\"url\":\"https:\\\/\\\/www.sintel.com\\\/wp-content\\\/uploads\\\/2023\\\/06\\\/Sintel-Logo.svg\",\"contentUrl\":\"https:\\\/\\\/www.sintel.com\\\/wp-content\\\/uploads\\\/2023\\\/06\\\/Sintel-Logo.svg\",\"width\":94,\"height\":32,\"caption\":\"Connect | Scale | Evolve\"},\"image\":{\"@id\":\"https:\\\/\\\/www.sintel.com\\\/#\\\/schema\\\/logo\\\/image\\\/\"}}]}<\/script>\n<!-- \/ Yoast SEO plugin. -->","yoast_head_json":{"title":"AGCO | Sintel's EDI Solution Success Story","description":"See how Sintel's EDI solution benefited AGCO by improving shipping processes and managing suppliers effectively.","robots":{"index":"index","follow":"follow","max-snippet":"max-snippet:-1","max-image-preview":"max-image-preview:large","max-video-preview":"max-video-preview:-1"},"canonical":"https:\/\/www.sintel.com\/pt\/case-studies\/agco\/","og_locale":"pt_BR","og_type":"article","og_title":"AGCO | Sintel's EDI Solution Success Story","og_description":"See how Sintel's EDI solution benefited AGCO by improving shipping processes and managing suppliers effectively.","og_url":"https:\/\/www.sintel.com\/pt\/case-studies\/agco\/","og_site_name":"Connect | Scale | Evolve","article_modified_time":"2025-12-19T18:52:02+00:00","twitter_card":"summary_large_image","twitter_misc":{"Est. tempo de leitura":"1 minuto"},"schema":{"@context":"https:\/\/schema.org","@graph":[{"@type":"WebPage","@id":"https:\/\/www.sintel.com\/case-studies\/agco\/","url":"https:\/\/www.sintel.com\/case-studies\/agco\/","name":"AGCO | Sintel's EDI Solution Success Story","isPartOf":{"@id":"https:\/\/www.sintel.com\/#website"},"datePublished":"2023-10-20T04:47:57+00:00","dateModified":"2025-12-19T18:52:02+00:00","description":"See how Sintel's EDI solution benefited AGCO by improving shipping processes and managing suppliers effectively.","breadcrumb":{"@id":"https:\/\/www.sintel.com\/case-studies\/agco\/#breadcrumb"},"inLanguage":"pt-BR","potentialAction":[{"@type":"ReadAction","target":["https:\/\/www.sintel.com\/case-studies\/agco\/"]}]},{"@type":"BreadcrumbList","@id":"https:\/\/www.sintel.com\/case-studies\/agco\/#breadcrumb","itemListElement":[{"@type":"ListItem","position":1,"name":"Home","item":"https:\/\/www.sintel.com\/"},{"@type":"ListItem","position":2,"name":"Case Studies","item":"https:\/\/www.sintel.com\/case-studies\/"},{"@type":"ListItem","position":3,"name":"Case AGCO"}]},{"@type":"WebSite","@id":"https:\/\/www.sintel.com\/#website","url":"https:\/\/www.sintel.com\/","name":"Connect | Scale | Evolve","description":"Automotive EDI integration","publisher":{"@id":"https:\/\/www.sintel.com\/#organization"},"alternateName":"Sintel. Connect. Scale. Evolve.","potentialAction":[{"@type":"SearchAction","target":{"@type":"EntryPoint","urlTemplate":"https:\/\/www.sintel.com\/?s={search_term_string}"},"query-input":{"@type":"PropertyValueSpecification","valueRequired":true,"valueName":"search_term_string"}}],"inLanguage":"pt-BR"},{"@type":"Organization","@id":"https:\/\/www.sintel.com\/#organization","name":"Connect | Scale | Evolve","alternateName":"Sintel. Connect. Scale. Evolve.","url":"https:\/\/www.sintel.com\/","logo":{"@type":"ImageObject","inLanguage":"pt-BR","@id":"https:\/\/www.sintel.com\/#\/schema\/logo\/image\/","url":"https:\/\/www.sintel.com\/wp-content\/uploads\/2023\/06\/Sintel-Logo.svg","contentUrl":"https:\/\/www.sintel.com\/wp-content\/uploads\/2023\/06\/Sintel-Logo.svg","width":94,"height":32,"caption":"Connect | Scale | Evolve"},"image":{"@id":"https:\/\/www.sintel.com\/#\/schema\/logo\/image\/"}}]}},"_links":{"self":[{"href":"https:\/\/www.sintel.com\/pt\/wp-json\/wp\/v2\/pages\/9190","targetHints":{"allow":["GET"]}}],"collection":[{"href":"https:\/\/www.sintel.com\/pt\/wp-json\/wp\/v2\/pages"}],"about":[{"href":"https:\/\/www.sintel.com\/pt\/wp-json\/wp\/v2\/types\/page"}],"author":[{"embeddable":true,"href":"https:\/\/www.sintel.com\/pt\/wp-json\/wp\/v2\/users\/4"}],"replies":[{"embeddable":true,"href":"https:\/\/www.sintel.com\/pt\/wp-json\/wp\/v2\/comments?post=9190"}],"version-history":[{"count":0,"href":"https:\/\/www.sintel.com\/pt\/wp-json\/wp\/v2\/pages\/9190\/revisions"}],"up":[{"embeddable":true,"href":"https:\/\/www.sintel.com\/pt\/wp-json\/wp\/v2\/pages\/1157"}],"wp:attachment":[{"href":"https:\/\/www.sintel.com\/pt\/wp-json\/wp\/v2\/media?parent=9190"}],"curies":[{"name":"wp","href":"https:\/\/api.w.org\/{rel}","templated":true}]}}