{"id":9300,"date":"2023-10-20T05:55:49","date_gmt":"2023-10-20T05:55:49","guid":{"rendered":"https:\/\/www.sintel.com\/?page_id=9300"},"modified":"2025-12-02T12:12:15","modified_gmt":"2025-12-02T12:12:15","slug":"about","status":"publish","type":"page","link":"https:\/\/www.sintel.com\/pt\/about\/","title":{"rendered":"About us"},"content":{"rendered":"<div data-elementor-type=\"wp-page\" data-elementor-id=\"9300\" class=\"elementor elementor-9300\">\n\t\t\t\t\t\t<section class=\"elementor-section elementor-top-section elementor-element elementor-element-90f64d0 elementor-section-full_width elementor-hidden-mobile elementor-section-height-default elementor-section-height-default\" data-id=\"90f64d0\" data-element_type=\"section\" data-e-type=\"section\" data-settings=\"{&quot;background_background&quot;:&quot;classic&quot;}\">\n\t\t\t\t\t\t<div class=\"elementor-container elementor-column-gap-default\">\n\t\t\t\t\t<div class=\"elementor-column elementor-col-100 elementor-top-column elementor-element elementor-element-8ecdfea\" data-id=\"8ecdfea\" data-element_type=\"column\" data-e-type=\"column\">\n\t\t\t<div class=\"elementor-widget-wrap elementor-element-populated\">\n\t\t\t\t\t\t<section class=\"elementor-section elementor-inner-section elementor-element elementor-element-90fb8b1 elementor-section-boxed elementor-section-height-default elementor-section-height-default\" data-id=\"90fb8b1\" data-element_type=\"section\" data-e-type=\"section\">\n\t\t\t\t\t\t<div class=\"elementor-container elementor-column-gap-default\">\n\t\t\t\t\t<div class=\"elementor-column elementor-col-50 elementor-inner-column elementor-element elementor-element-5e9cb88\" data-id=\"5e9cb88\" data-element_type=\"column\" data-e-type=\"column\">\n\t\t\t<div class=\"elementor-widget-wrap elementor-element-populated\">\n\t\t\t\t\t\t<div class=\"elementor-element elementor-element-f0f34fe elementor-widget elementor-widget-text-editor\" data-id=\"f0f34fe\" data-element_type=\"widget\" data-e-type=\"widget\" data-widget_type=\"text-editor.default\">\n\t\t\t\t\t\t\t\t\t<p>Home \/ Sobre n\u00f3s<\/p>\t\t\t\t\t\t\t\t<\/div>\n\t\t\t\t<div class=\"elementor-element elementor-element-c3c3981 elementor-widget elementor-widget-heading\" data-id=\"c3c3981\" data-element_type=\"widget\" data-e-type=\"widget\" data-widget_type=\"heading.default\">\n\t\t\t\t\t<h1 class=\"elementor-heading-title elementor-size-default\">Entregando efici\u00eancia com digitaliza\u00e7\u00e3o de processos e solu\u00e7\u00f5es EDI desde 1987<\/h1>\t\t\t\t<\/div>\n\t\t\t\t<div class=\"elementor-element elementor-element-e40892f elementor-widget__width-initial elementor-widget elementor-widget-text-editor\" data-id=\"e40892f\" data-element_type=\"widget\" data-e-type=\"widget\" data-widget_type=\"text-editor.default\">\n\t\t\t\t\t\t\t\t\t<p>Registro comprovado de aumento da efici\u00eancia e resili\u00eancia da cadeia de suprimentos automotiva.<\/p>\t\t\t\t\t\t\t\t<\/div>\n\t\t\t\t\t<\/div>\n\t\t<\/div>\n\t\t\t\t<div class=\"elementor-column elementor-col-50 elementor-inner-column elementor-element elementor-element-42b21b6\" data-id=\"42b21b6\" data-element_type=\"column\" data-e-type=\"column\">\n\t\t\t<div class=\"elementor-widget-wrap\">\n\t\t\t\t\t\t\t<\/div>\n\t\t<\/div>\n\t\t\t\t\t<\/div>\n\t\t<\/section>\n\t\t\t\t\t<\/div>\n\t\t<\/div>\n\t\t\t\t\t<\/div>\n\t\t<\/section>\n\t\t\t\t<section class=\"elementor-section elementor-top-section elementor-element elementor-element-2331fe4 elementor-hidden-mobile elementor-section-boxed elementor-section-height-default elementor-section-height-default\" data-id=\"2331fe4\" data-element_type=\"section\" data-e-type=\"section\">\n\t\t\t\t\t\t<div class=\"elementor-container elementor-column-gap-default\">\n\t\t\t\t\t<div class=\"elementor-column elementor-col-100 elementor-top-column elementor-element elementor-element-0e67d94\" data-id=\"0e67d94\" data-element_type=\"column\" data-e-type=\"column\">\n\t\t\t<div class=\"elementor-widget-wrap elementor-element-populated\">\n\t\t\t\t\t\t<div class=\"elementor-element elementor-element-501bd02 elementor-widget elementor-widget-text-editor\" data-id=\"501bd02\" data-element_type=\"widget\" data-e-type=\"widget\" data-widget_type=\"text-editor.default\">\n\t\t\t\t\t\t\t\t\t<p>Uma hist\u00f3ria baseada em efici\u00eancia, resili\u00eancia e escalabilidade no supply chain automotivo<\/p>\t\t\t\t\t\t\t\t<\/div>\n\t\t\t\t\t<\/div>\n\t\t<\/div>\n\t\t\t\t\t<\/div>\n\t\t<\/section>\n\t\t\t\t<section class=\"elementor-section elementor-top-section elementor-element elementor-element-b0288d9 elementor-hidden-mobile elementor-section-boxed elementor-section-height-default elementor-section-height-default\" data-id=\"b0288d9\" data-element_type=\"section\" data-e-type=\"section\">\n\t\t\t\t\t\t<div class=\"elementor-container elementor-column-gap-default\">\n\t\t\t\t\t<div class=\"elementor-column elementor-col-100 elementor-top-column elementor-element elementor-element-924e2d7\" data-id=\"924e2d7\" data-element_type=\"column\" data-e-type=\"column\">\n\t\t\t<div class=\"elementor-widget-wrap elementor-element-populated\">\n\t\t\t\t\t\t<section class=\"elementor-section elementor-inner-section elementor-element elementor-element-0dbeec5 elementor-section-full_width elementor-section-height-default elementor-section-height-default\" data-id=\"0dbeec5\" data-element_type=\"section\" data-e-type=\"section\">\n\t\t\t\t\t\t<div class=\"elementor-container elementor-column-gap-default\">\n\t\t\t\t\t<div class=\"elementor-column elementor-col-50 elementor-inner-column elementor-element elementor-element-701abdd\" data-id=\"701abdd\" data-element_type=\"column\" data-e-type=\"column\">\n\t\t\t<div class=\"elementor-widget-wrap elementor-element-populated\">\n\t\t\t\t\t\t<div class=\"elementor-element elementor-element-5f78bb6 elementor-widget__width-initial elementor-widget elementor-widget-text-editor\" data-id=\"5f78bb6\" data-element_type=\"widget\" data-e-type=\"widget\" data-widget_type=\"text-editor.default\">\n\t\t\t\t\t\t\t\t\t<p>A Sintel nasceu em 1987, trazendo no seu DNA automotivo o pioneirismo que transformou a forma como os fornecedores da cadeia automotiva utilizam o fluxo eletr\u00f4nico de informa\u00e7\u00e3o por meio do EDI para atender \u00e0s montadoras no Brasil.<\/p><p>Em 1998, j\u00e1 t\u00ednhamos em opera\u00e7\u00e3o a solu\u00e7\u00e3o para suportar os padr\u00f5es internacionais de troca de informa\u00e7\u00e3o, como EDIFACT e X12 e no ano 2000, lan\u00e7amos a nossa fam\u00edlia de produtos para atender a \u00e1rea de log\u00edstica e integrar a cadeia de valor.<\/p><p>Nossa solu\u00e7\u00e3o de cloud EDI j\u00e1 operava em 2007 e no ano seguinte, avan\u00e7amos no processo de internacionaliza\u00e7\u00e3o para iniciar, em 2012, a opera\u00e7\u00e3o nos Estados Unidos, e em 2013, na\nEuropa.Em 2017, incorporamos a compet\u00eancia t\u00e9cnica ao nosso profundo conhecimento do setor automotivo, ampliando o portfolio de solu\u00e7\u00f5es com a integra\u00e7\u00e3o de informa\u00e7\u00f5es no SAP.<\/p>\t\t\t\t\t\t\t\t<\/div>\n\t\t\t\t\t<\/div>\n\t\t<\/div>\n\t\t\t\t<div class=\"elementor-column elementor-col-50 elementor-inner-column elementor-element elementor-element-b3e571a\" data-id=\"b3e571a\" data-element_type=\"column\" data-e-type=\"column\">\n\t\t\t<div class=\"elementor-widget-wrap elementor-element-populated\">\n\t\t\t\t\t\t<div class=\"elementor-element elementor-element-62a285d elementor-widget elementor-widget-image\" data-id=\"62a285d\" data-element_type=\"widget\" data-e-type=\"widget\" data-widget_type=\"image.default\">\n\t\t\t\t\t\t\t\t\t\t\t\t\t\t\t<img fetchpriority=\"high\" decoding=\"async\" width=\"1893\" height=\"1461\" src=\"https:\/\/www.sintel.com\/wp-content\/uploads\/us.png\" class=\"attachment-full size-full wp-image-9306\" alt=\"\" srcset=\"https:\/\/www.sintel.com\/wp-content\/uploads\/us.png 1893w, https:\/\/www.sintel.com\/wp-content\/uploads\/us-300x232.png 300w, https:\/\/www.sintel.com\/wp-content\/uploads\/us-1024x790.png 1024w, https:\/\/www.sintel.com\/wp-content\/uploads\/us-768x593.png 768w, https:\/\/www.sintel.com\/wp-content\/uploads\/us-1536x1185.png 1536w, https:\/\/www.sintel.com\/wp-content\/uploads\/us-16x12.png 16w\" sizes=\"(max-width: 1893px) 100vw, 1893px\" \/>\t\t\t\t\t\t\t\t\t\t\t\t\t\t\t<\/div>\n\t\t\t\t\t<\/div>\n\t\t<\/div>\n\t\t\t\t\t<\/div>\n\t\t<\/section>\n\t\t\t\t<div class=\"elementor-element elementor-element-1eb344d elementor-widget elementor-widget-image\" data-id=\"1eb344d\" data-element_type=\"widget\" data-e-type=\"widget\" data-widget_type=\"image.default\">\n\t\t\t\t\t\t\t\t\t\t\t\t\t\t\t<img decoding=\"async\" width=\"3762\" height=\"1149\" src=\"https:\/\/www.sintel.com\/wp-content\/uploads\/Rectangle-3939.png\" class=\"attachment-full size-full wp-image-11820\" alt=\"Car on an assembly line undergoing manufacturing\" srcset=\"https:\/\/www.sintel.com\/wp-content\/uploads\/Rectangle-3939.png 3762w, https:\/\/www.sintel.com\/wp-content\/uploads\/Rectangle-3939-300x92.png 300w, https:\/\/www.sintel.com\/wp-content\/uploads\/Rectangle-3939-1024x313.png 1024w, https:\/\/www.sintel.com\/wp-content\/uploads\/Rectangle-3939-768x235.png 768w, https:\/\/www.sintel.com\/wp-content\/uploads\/Rectangle-3939-1536x469.png 1536w, https:\/\/www.sintel.com\/wp-content\/uploads\/Rectangle-3939-2048x626.png 2048w, https:\/\/www.sintel.com\/wp-content\/uploads\/Rectangle-3939-18x5.png 18w\" sizes=\"(max-width: 3762px) 100vw, 3762px\" \/>\t\t\t\t\t\t\t\t\t\t\t\t\t\t\t<\/div>\n\t\t\t\t<div class=\"elementor-element elementor-element-bf3a00b elementor-widget__width-initial elementor-widget elementor-widget-text-editor\" data-id=\"bf3a00b\" data-element_type=\"widget\" data-e-type=\"widget\" data-widget_type=\"text-editor.default\">\n\t\t\t\t\t\t\t\t\t<p>Com a implementa\u00e7\u00e3o do Global Operations Center (GOC), em 2022, a Sintel consolida a sua expertise no setor automotivo por meio de uma opera\u00e7\u00e3o non-stop em escala global, oferecendo uma estrutura que simplifica a opera\u00e7\u00e3o do cliente, garantindo resili\u00eancia para o fornecedor da ind\u00fastria automotiva se adaptar rapidamente \u00e0s mudan\u00e7as e evitar rupturas no abastecimento.<\/p><p>A partir de 2023, a Sintel inicia seu novo ciclo de\ntransforma\u00e7\u00e3o, com uma plataforma de produtos que possibilitam ao cliente evoluir em escala global, com uma experi\u00eancia mais completa e aprimorada.<\/p>\t\t\t\t\t\t\t\t<\/div>\n\t\t\t\t\t<\/div>\n\t\t<\/div>\n\t\t\t\t\t<\/div>\n\t\t<\/section>\n\t\t\t\t<section class=\"elementor-section elementor-top-section elementor-element elementor-element-58faa6d elementor-section-full_width elementor-hidden-mobile elementor-section-height-min-height elementor-section-height-default elementor-section-items-middle\" data-id=\"58faa6d\" data-element_type=\"section\" data-e-type=\"section\" data-settings=\"{&quot;background_background&quot;:&quot;classic&quot;}\">\n\t\t\t\t\t\t<div class=\"elementor-container elementor-column-gap-default\">\n\t\t\t\t\t<div class=\"elementor-column elementor-col-100 elementor-top-column elementor-element elementor-element-119fa5f\" data-id=\"119fa5f\" data-element_type=\"column\" data-e-type=\"column\">\n\t\t\t<div class=\"elementor-widget-wrap elementor-element-populated\">\n\t\t\t\t\t\t<section class=\"elementor-section elementor-inner-section elementor-element elementor-element-bbbd98d elementor-section-boxed elementor-section-height-default elementor-section-height-default\" data-id=\"bbbd98d\" data-element_type=\"section\" data-e-type=\"section\">\n\t\t\t\t\t\t<div class=\"elementor-container elementor-column-gap-default\">\n\t\t\t\t\t<div class=\"elementor-column elementor-col-50 elementor-inner-column elementor-element elementor-element-cefceba\" data-id=\"cefceba\" data-element_type=\"column\" data-e-type=\"column\">\n\t\t\t<div class=\"elementor-widget-wrap elementor-element-populated\">\n\t\t\t\t\t\t<div class=\"elementor-element elementor-element-d732fcb elementor-widget__width-initial elementor-widget elementor-widget-text-editor\" data-id=\"d732fcb\" data-element_type=\"widget\" data-e-type=\"widget\" data-widget_type=\"text-editor.default\">\n\t\t\t\t\t\t\t\t\t<p>Sintel\u2019s Global Automotive Strategy: Efici\u00eancia e Escalabilidade global<\/p>\t\t\t\t\t\t\t\t<\/div>\n\t\t\t\t\t<\/div>\n\t\t<\/div>\n\t\t\t\t<div class=\"elementor-column elementor-col-50 elementor-inner-column elementor-element elementor-element-5e143af\" data-id=\"5e143af\" data-element_type=\"column\" data-e-type=\"column\">\n\t\t\t<div class=\"elementor-widget-wrap elementor-element-populated\">\n\t\t\t\t\t\t<div class=\"elementor-element elementor-element-f0549e3 elementor-widget__width-initial elementor-widget elementor-widget-text-editor\" data-id=\"f0549e3\" data-element_type=\"widget\" data-e-type=\"widget\" data-widget_type=\"text-editor.default\">\n\t\t\t\t\t\t\t\t\tAtualmente com escrit\u00f3rios no Brasil, Estados Unidos e B\u00e9lgica, e centros de conting\u00eancia na Irlanda e Estados Unidos, a Sintel desenvolveu uma modelagem de neg\u00f3cio baseada em uma\nmetodologia \u00fanica, que incorpora rapidamente as mudan\u00e7as em conformidade com as exig\u00eancias globais do setor automotivo para oferecer ao cliente efici\u00eancia e escalabilidade na sua opera\u00e7\u00e3o.\t\t\t\t\t\t\t\t<\/div>\n\t\t\t\t\t<\/div>\n\t\t<\/div>\n\t\t\t\t\t<\/div>\n\t\t<\/section>\n\t\t\t\t\t<\/div>\n\t\t<\/div>\n\t\t\t\t\t<\/div>\n\t\t<\/section>\n\t\t\t\t<section class=\"elementor-section elementor-top-section elementor-element elementor-element-3c4cb00 elementor-hidden-mobile elementor-section-height-min-height elementor-section-boxed elementor-section-height-default elementor-section-items-middle\" data-id=\"3c4cb00\" data-element_type=\"section\" data-e-type=\"section\" data-settings=\"{&quot;background_background&quot;:&quot;classic&quot;}\">\n\t\t\t\t\t\t<div class=\"elementor-container elementor-column-gap-default\">\n\t\t\t\t\t<div class=\"elementor-column elementor-col-50 elementor-top-column elementor-element elementor-element-4f29706\" data-id=\"4f29706\" data-element_type=\"column\" data-e-type=\"column\">\n\t\t\t<div class=\"elementor-widget-wrap elementor-element-populated\">\n\t\t\t\t\t\t<div class=\"elementor-element elementor-element-5ac3385 elementor-widget elementor-widget-heading\" data-id=\"5ac3385\" data-element_type=\"widget\" data-e-type=\"widget\" data-widget_type=\"heading.default\">\n\t\t\t\t\t<h2 class=\"elementor-heading-title elementor-size-default\">Let\u2019s Connect. Scale. <span style=\"color:#08D1D5\">Evolve.<\/h2>\t\t\t\t<\/div>\n\t\t\t\t<div class=\"elementor-element elementor-element-bff5555 elementor-widget__width-initial elementor-widget elementor-widget-text-editor\" data-id=\"bff5555\" data-element_type=\"widget\" data-e-type=\"widget\" data-widget_type=\"text-editor.default\">\n\t\t\t\t\t\t\t\t\t<p>Quer saber mais sobre nossas solu\u00e7\u00f5es ou simplesmente discutir os seus objetivos relacionados ao supply chain automotivo? Estamos aqui para ajudar. Vamos trabalhar juntos para sua empresa alcan\u00e7ar a m\u00e1xima efici\u00eancia na opera\u00e7\u00e3o.<\/p>\t\t\t\t\t\t\t\t<\/div>\n\t\t\t\t<div class=\"elementor-element elementor-element-1147cfe elementor-widget elementor-widget-html\" data-id=\"1147cfe\" data-element_type=\"widget\" data-e-type=\"widget\" data-widget_type=\"html.default\">\n\t\t\t\t\t<div class=\"outer-1\">\r\n  <div href=\"#\"; class=\"button-1\">\r\n    <div href=\"#\"; class=\"text-1\"><a href=\"https:\/\/www.sintel.com\/pt\/contact-us\/\" style=\"color:black; text-decoration:none;\">Fale com especialista <\/a><\/div>\r\n  <\/div>\r\n<\/div>\r\n\r\n<style>\r\n\r\n.outer-1 {\r\n  margin: 0px;\r\n  }\r\n\r\n.button-1 {\r\n  border: 1px solid #03E9F1;\r\n  border-radius: 25px 25px 25px 25px;\r\n  width: 150px;\r\n  height: 50px;\r\n  display: block;\r\n  border-radius:25px 25px 25px 25px;\r\n\r\n  background: linear-gradient(to right, #0062F3 50%, white 50%);\r\n  background-size: 200% 100%;\r\n  background-position: right bottom;\r\n  transition: all .5s ease-out;\r\n}\r\n\r\n.button-1:hover {\r\n  background-position: left bottom;\r\n}\r\n\r\n.text-1 {\r\n  text-align: center;\r\n  margin-top: 8px;\r\n  font-size: 16px;\r\n  line-height: 30px; \r\n  color: black;\r\n  transition: all .6s ease-out;\r\n  display: block;\r\n  }\r\n\r\n.text-1:hover {\r\n  color: white;  \r\n}\r\n<\/style>\t\t\t\t<\/div>\n\t\t\t\t\t<\/div>\n\t\t<\/div>\n\t\t\t\t<div class=\"elementor-column elementor-col-50 elementor-top-column elementor-element elementor-element-721e0bb\" data-id=\"721e0bb\" data-element_type=\"column\" data-e-type=\"column\">\n\t\t\t<div class=\"elementor-widget-wrap\">\n\t\t\t\t\t\t\t<\/div>\n\t\t<\/div>\n\t\t\t\t\t<\/div>\n\t\t<\/section>\n\t\t\t\t<\/div>","protected":false},"excerpt":{"rendered":"<p>Home \/ About us About Us Proven record boosting automotive supply chain efficiency and resilience. Proven track record of elevating efficiency, resilience, and scalable performance within the automotive supply chain. Sintel was born in 1987, carrying in its automotive DNA the pioneering spirit that transformed the way automotive chain suppliers use electronic information flow through [&hellip;]<\/p>\n","protected":false},"author":4,"featured_media":0,"parent":0,"menu_order":0,"comment_status":"closed","ping_status":"closed","template":"","meta":{"footnotes":""},"class_list":["post-9300","page","type-page","status-publish","hentry"],"yoast_head":"<!-- This site is optimized with the Yoast SEO plugin v27.4 - https:\/\/yoast.com\/product\/yoast-seo-wordpress\/ -->\n<title>About Us | Sintel<\/title>\n<meta name=\"description\" content=\"Sintel: Automotive EDI &amp; Supply Chain Experts. Driving efficiency &amp; growth with digitalization, process improvement &amp; EDI solutions since 1987.\" \/>\n<meta name=\"robots\" content=\"index, follow, max-snippet:-1, max-image-preview:large, max-video-preview:-1\" \/>\n<link rel=\"canonical\" href=\"https:\/\/www.sintel.com\/pt\/about\/\" \/>\n<meta property=\"og:locale\" content=\"pt_BR\" \/>\n<meta property=\"og:type\" content=\"article\" \/>\n<meta property=\"og:title\" content=\"About Us | Sintel\" \/>\n<meta property=\"og:description\" content=\"Sintel: Automotive EDI &amp; Supply Chain Experts. Driving efficiency &amp; growth with digitalization, process improvement &amp; EDI solutions since 1987.\" \/>\n<meta property=\"og:url\" content=\"https:\/\/www.sintel.com\/pt\/about\/\" \/>\n<meta property=\"og:site_name\" content=\"Connect | Scale | Evolve\" \/>\n<meta property=\"article:modified_time\" content=\"2025-12-02T12:12:15+00:00\" \/>\n<meta property=\"og:image\" content=\"https:\/\/www.sintel.com\/wp-content\/uploads\/us.png\" \/>\n<meta name=\"twitter:card\" content=\"summary_large_image\" \/>\n<meta name=\"twitter:label1\" content=\"Est. tempo de leitura\" \/>\n\t<meta name=\"twitter:data1\" content=\"2 minutos\" \/>\n<script type=\"application\/ld+json\" class=\"yoast-schema-graph\">{\"@context\":\"https:\\\/\\\/schema.org\",\"@graph\":[{\"@type\":\"WebPage\",\"@id\":\"https:\\\/\\\/www.sintel.com\\\/about\\\/\",\"url\":\"https:\\\/\\\/www.sintel.com\\\/about\\\/\",\"name\":\"About Us | Sintel\",\"isPartOf\":{\"@id\":\"https:\\\/\\\/www.sintel.com\\\/#website\"},\"primaryImageOfPage\":{\"@id\":\"https:\\\/\\\/www.sintel.com\\\/about\\\/#primaryimage\"},\"image\":{\"@id\":\"https:\\\/\\\/www.sintel.com\\\/about\\\/#primaryimage\"},\"thumbnailUrl\":\"https:\\\/\\\/www.sintel.com\\\/wp-content\\\/uploads\\\/us.png\",\"datePublished\":\"2023-10-20T05:55:49+00:00\",\"dateModified\":\"2025-12-02T12:12:15+00:00\",\"description\":\"Sintel: Automotive EDI & Supply Chain Experts. Driving efficiency & growth with digitalization, process improvement & EDI solutions since 1987.\",\"breadcrumb\":{\"@id\":\"https:\\\/\\\/www.sintel.com\\\/about\\\/#breadcrumb\"},\"inLanguage\":\"pt-BR\",\"potentialAction\":[{\"@type\":\"ReadAction\",\"target\":[\"https:\\\/\\\/www.sintel.com\\\/about\\\/\"]}]},{\"@type\":\"ImageObject\",\"inLanguage\":\"pt-BR\",\"@id\":\"https:\\\/\\\/www.sintel.com\\\/about\\\/#primaryimage\",\"url\":\"https:\\\/\\\/www.sintel.com\\\/wp-content\\\/uploads\\\/us.png\",\"contentUrl\":\"https:\\\/\\\/www.sintel.com\\\/wp-content\\\/uploads\\\/us.png\"},{\"@type\":\"BreadcrumbList\",\"@id\":\"https:\\\/\\\/www.sintel.com\\\/about\\\/#breadcrumb\",\"itemListElement\":[{\"@type\":\"ListItem\",\"position\":1,\"name\":\"Home\",\"item\":\"https:\\\/\\\/www.sintel.com\\\/\"},{\"@type\":\"ListItem\",\"position\":2,\"name\":\"About us\"}]},{\"@type\":\"WebSite\",\"@id\":\"https:\\\/\\\/www.sintel.com\\\/#website\",\"url\":\"https:\\\/\\\/www.sintel.com\\\/\",\"name\":\"Connect | Scale | Evolve\",\"description\":\"Automotive EDI integration\",\"publisher\":{\"@id\":\"https:\\\/\\\/www.sintel.com\\\/#organization\"},\"alternateName\":\"Sintel. Connect. Scale. Evolve.\",\"potentialAction\":[{\"@type\":\"SearchAction\",\"target\":{\"@type\":\"EntryPoint\",\"urlTemplate\":\"https:\\\/\\\/www.sintel.com\\\/?s={search_term_string}\"},\"query-input\":{\"@type\":\"PropertyValueSpecification\",\"valueRequired\":true,\"valueName\":\"search_term_string\"}}],\"inLanguage\":\"pt-BR\"},{\"@type\":\"Organization\",\"@id\":\"https:\\\/\\\/www.sintel.com\\\/#organization\",\"name\":\"Connect | Scale | Evolve\",\"alternateName\":\"Sintel. Connect. Scale. Evolve.\",\"url\":\"https:\\\/\\\/www.sintel.com\\\/\",\"logo\":{\"@type\":\"ImageObject\",\"inLanguage\":\"pt-BR\",\"@id\":\"https:\\\/\\\/www.sintel.com\\\/#\\\/schema\\\/logo\\\/image\\\/\",\"url\":\"https:\\\/\\\/www.sintel.com\\\/wp-content\\\/uploads\\\/2023\\\/06\\\/Sintel-Logo.svg\",\"contentUrl\":\"https:\\\/\\\/www.sintel.com\\\/wp-content\\\/uploads\\\/2023\\\/06\\\/Sintel-Logo.svg\",\"width\":94,\"height\":32,\"caption\":\"Connect | Scale | Evolve\"},\"image\":{\"@id\":\"https:\\\/\\\/www.sintel.com\\\/#\\\/schema\\\/logo\\\/image\\\/\"}}]}<\/script>\n<!-- \/ Yoast SEO plugin. -->","yoast_head_json":{"title":"About Us | Sintel","description":"Conhe\u00e7a a Sintel. Entregando efici\u00eancia com digitaliza\u00e7\u00e3o de processos, integra\u00e7\u00e3o de informa\u00e7\u00f5es e solu\u00e7\u00f5es EDI desde 1987","robots":{"index":"index","follow":"follow","max-snippet":"max-snippet:-1","max-image-preview":"max-image-preview:large","max-video-preview":"max-video-preview:-1"},"canonical":"https:\/\/www.sintel.com\/pt\/about\/","og_locale":"pt_BR","og_type":"article","og_title":"About Us | Sintel","og_description":"Sintel: Automotive EDI & Supply Chain Experts. Driving efficiency & growth with digitalization, process improvement & EDI solutions since 1987.","og_url":"https:\/\/www.sintel.com\/pt\/about\/","og_site_name":"Connect | Scale | Evolve","article_modified_time":"2025-12-02T12:12:15+00:00","og_image":[{"url":"https:\/\/www.sintel.com\/wp-content\/uploads\/us.png","type":"","width":"","height":""}],"twitter_card":"summary_large_image","twitter_misc":{"Est. tempo de leitura":"2 minutos"},"schema":{"@context":"https:\/\/schema.org","@graph":[{"@type":"WebPage","@id":"https:\/\/www.sintel.com\/about\/","url":"https:\/\/www.sintel.com\/about\/","name":"About Us | Sintel","isPartOf":{"@id":"https:\/\/www.sintel.com\/#website"},"primaryImageOfPage":{"@id":"https:\/\/www.sintel.com\/about\/#primaryimage"},"image":{"@id":"https:\/\/www.sintel.com\/about\/#primaryimage"},"thumbnailUrl":"https:\/\/www.sintel.com\/wp-content\/uploads\/us.png","datePublished":"2023-10-20T05:55:49+00:00","dateModified":"2025-12-02T12:12:15+00:00","description":"Conhe\u00e7a a Sintel. Entregando efici\u00eancia com digitaliza\u00e7\u00e3o de processos, integra\u00e7\u00e3o de informa\u00e7\u00f5es e solu\u00e7\u00f5es EDI desde 1987","breadcrumb":{"@id":"https:\/\/www.sintel.com\/about\/#breadcrumb"},"inLanguage":"pt-BR","potentialAction":[{"@type":"ReadAction","target":["https:\/\/www.sintel.com\/about\/"]}]},{"@type":"ImageObject","inLanguage":"pt-BR","@id":"https:\/\/www.sintel.com\/about\/#primaryimage","url":"https:\/\/www.sintel.com\/wp-content\/uploads\/us.png","contentUrl":"https:\/\/www.sintel.com\/wp-content\/uploads\/us.png"},{"@type":"BreadcrumbList","@id":"https:\/\/www.sintel.com\/about\/#breadcrumb","itemListElement":[{"@type":"ListItem","position":1,"name":"Home","item":"https:\/\/www.sintel.com\/"},{"@type":"ListItem","position":2,"name":"About us"}]},{"@type":"WebSite","@id":"https:\/\/www.sintel.com\/#website","url":"https:\/\/www.sintel.com\/","name":"Connect | Scale | Evolve","description":"Automotive EDI integration","publisher":{"@id":"https:\/\/www.sintel.com\/#organization"},"alternateName":"Sintel. Connect. Scale. Evolve.","potentialAction":[{"@type":"SearchAction","target":{"@type":"EntryPoint","urlTemplate":"https:\/\/www.sintel.com\/?s={search_term_string}"},"query-input":{"@type":"PropertyValueSpecification","valueRequired":true,"valueName":"search_term_string"}}],"inLanguage":"pt-BR"},{"@type":"Organization","@id":"https:\/\/www.sintel.com\/#organization","name":"Connect | Scale | Evolve","alternateName":"Sintel. Connect. Scale. Evolve.","url":"https:\/\/www.sintel.com\/","logo":{"@type":"ImageObject","inLanguage":"pt-BR","@id":"https:\/\/www.sintel.com\/#\/schema\/logo\/image\/","url":"https:\/\/www.sintel.com\/wp-content\/uploads\/2023\/06\/Sintel-Logo.svg","contentUrl":"https:\/\/www.sintel.com\/wp-content\/uploads\/2023\/06\/Sintel-Logo.svg","width":94,"height":32,"caption":"Connect | Scale | Evolve"},"image":{"@id":"https:\/\/www.sintel.com\/#\/schema\/logo\/image\/"}}]}},"_links":{"self":[{"href":"https:\/\/www.sintel.com\/pt\/wp-json\/wp\/v2\/pages\/9300","targetHints":{"allow":["GET"]}}],"collection":[{"href":"https:\/\/www.sintel.com\/pt\/wp-json\/wp\/v2\/pages"}],"about":[{"href":"https:\/\/www.sintel.com\/pt\/wp-json\/wp\/v2\/types\/page"}],"author":[{"embeddable":true,"href":"https:\/\/www.sintel.com\/pt\/wp-json\/wp\/v2\/users\/4"}],"replies":[{"embeddable":true,"href":"https:\/\/www.sintel.com\/pt\/wp-json\/wp\/v2\/comments?post=9300"}],"version-history":[{"count":0,"href":"https:\/\/www.sintel.com\/pt\/wp-json\/wp\/v2\/pages\/9300\/revisions"}],"wp:attachment":[{"href":"https:\/\/www.sintel.com\/pt\/wp-json\/wp\/v2\/media?parent=9300"}],"curies":[{"name":"wp","href":"https:\/\/api.w.org\/{rel}","templated":true}]}}